{"id":626,"date":"2018-03-18T13:43:02","date_gmt":"2018-03-18T13:43:02","guid":{"rendered":"http:\/\/www.spanishconmaria.com\/?page_id=626"},"modified":"2018-06-29T09:10:32","modified_gmt":"2018-06-29T09:10:32","slug":"privacy-policy","status":"publish","type":"page","link":"https:\/\/spanishconmaria.com\/en\/privacy-policy\/","title":{"rendered":"Privacy Policy"},"content":{"rendered":"<div class=\"fancy_heading fancy_heading_line medmargintop bigmarginbottom\">\n<h1 class=\"title\">Privacy Policy<\/h1>\n<\/div>\n<p>The  privacy policy of the website available at the address spanishconmaria.com (hereinafter  &#8220;Website&#8221;) is in force from  2018-05-25 and it defines the principles of processing of personal data  obtained from website users (natural persons using the website, hereinafter  &#8220;Users&#8221;) the owner of which is Maria Vicente Vicente Spanish Con Maria, ul. W\u0142\u00f3czk\u00f3w 10\/11, 30-103 Krak\u00f3w, PL, NIP: 6793002674 (hereinafter &#8220;Website owner&#8221;). <\/p>\n<p>\nBy  using this website you give your consent to the terms described in the Privacy  Policy. <\/p>\n<h2>GDPR<\/h2>\n<p>&#8220;GDPR&#8221;  means Regulation of both- the European Parliament and the European Council (EU)  2016\/679 of 27 April 2016 on the protection of natural persons, as far as\u00a0 personal data processing is concerned but  also the free movement of such data as well as repealing Directive 95\/46\/WE  (general regulation on data protection). It is a legal act adopted by the  European Union regulating the principles of personal data protection. <\/p>\n<h2>Personal  data <\/h2>\n<p>While  using the website, the users can make available the following personal data:<\/p>\n<ul>\n<li>Name and surname<\/li>\n<li>Company name<\/li>\n<li>E-mail address<\/li>\n<li>Phone number<\/li>\n<li>Contact address<\/li>\n<\/ul>\n<p>At  any time, the User may withdraw the consent to the processing of personal data. <\/p>\n<h2>Administrator of personal data <\/h2>\n<p>Maria Vicente Vicente Spanish Con Maria, ul. W\u0142\u00f3czk\u00f3w 10\/11, 30-103 Krak\u00f3w, PL, NIP: 6793002674 is the administrator of personal data provided by users. <\/p>\n<p>Processing  and transfer of personal data<\/p>\n<p>\nThe  consent to the processing of personal data is given by marking the appropriate  field in the contact form. <\/p>\n<p>\nWhile processing of personal  data, the Website owner uses technical means compliant with the law (in  particular GDPR), including connection encrypted via SSL certificate. <\/p>\n<p>\nThe  basis for the personal data processing by the Website owner is the need to perform  the contract or take action, at the user&#8217;s request, before concluding this  contract. In the case of service marketing of the service owner, the basis for  the personal data processing is the implementation of the legally justified  interest of the website owner (providing information about the current offer).  In case of Newsletter subscription, the basis for the processing of personal  data is the consent given by the user, which can be withdrawn at any time.  Providing personal data by the user is voluntary and necessary (especially data  defined as mandatory or required) in order to execute the service on the user&#8217;s  behalf. <\/p>\n<p>\nUsers&#8217;  personal data are stored as long as it is necessary to achieve the purposes for  which the data has been obtained and can be processed in accordance with  applicable law. After this time, personal data may be stored in order to  resolve possible disputes, e.g. results of user&#8217;s claims. <\/p>\n<p>\nThe  website owner may transfer users&#8217; personal data to entities providing the  website owner with services directly connected with the fulfilment of orders placed by users  through the website, based on their written consent. In the case of payment,  the website owner may provide the payment operator with the user&#8217;s data necessary  to carry out the transaction. The user&#8217;s personal data can be made available to  other persons or institutions if it is required by the applicable law. <\/p>\n<h2>E-mail  correspondence <\/h2>\n<p>The  administrator of personal data transmitted via e-mail (it concerns messages  sent via contact forms available on the website, or e-mails sent to the  addresses of the website owner) is specified in the section &#8220;Administrator of  personal data&#8221;.\u00a0 Personal data processing  provided via e-mail is carried out in accordance with the regulations given in  the present privacy policy, with the exclusion of points not applicable to  e-mail correspondence. <\/p>\n<h2>User&#8217;s  rights <\/h2>\n<p>The  user has the following rights:<\/p>\n<ul>\n<li>to access his\/her personal  data<\/li>\n<li>to obtain a copy of  his\/her personal data<\/li>\n<li>to modify his\/her  personal data<\/li>\n<li>to delete his\/her  personal data<\/li>\n<li>to limit the processing  of his\/her personal data<\/li>\n<li>to transfer his\/her  personal data<\/li>\n<li>to withdraw his\/her  consent to the personal data processing<\/li>\n<\/ul>\n<p>The  website owner may refuse to delete the user&#8217;s personal data, if the user has  violated the law and the data are essential to determine the circumstances of  the violation of the regulations and the user&#8217;s liability. <\/p>\n<h2>Cookies<\/h2>\n<p>The  website uses cookies, which are IT data, in particular text files, which are  stored in the user&#8217;s end device and are meant for use of the website services.  Cookies usually contain the name of their origin website, their storage time on  the end device and a unique number. <\/p>\n<p>\nCookies  are used for the following purposes:<\/p>\n<ul>\n<li>creating statistics that  help to understand how Website Users use websites, so to improve their  structure and content;<\/li>\n<li>maintaining the Website  User&#8217;s session (after logging in), thanks to which the User does not have to  re-enter his login and password on every subpage of the Website;<\/li>\n<li>defining User&#8217;s profile  in order to display tailored advertising materials, in particular Google  network.<\/li>\n<\/ul>\n<p>Two  types of cookies: &#8220;session&#8221; and &#8220;persistent&#8221; ones are used by our Website.\u00a0 The session cookies are temporary files that  are stored on the user&#8217;s end device as long as the user logs out, leaves the  website or turns off the software (web browser).\u00a0 The persistent cookies are stored in the  user&#8217;s end device for the time specified in the cookie file parameters or until  they are removed by the user. <\/p>\n<p>\nSoftware  for browsing websites (web browser) usually allows cookies to be stored in the  user&#8217;s end device by default. Website users can change settings. The web  browser allows you to delete cookies. It is also possible to block the cookies  automatically. Detailed information concerning this subject can be found at the  help section or at the web browser documentation.<\/p>\n<p>\nLimiting  the usage of cookies may have an effect on some of the functionalities  available on the Website. <\/p>\n<p>\nCookies  from  the user&#8217;s  end device can also be used by advertisers and partners cooperating with the  website operator. <\/p>\n<p>\nCookies  can be used by advertising networks, in particular by Google, to display ads  matching the user&#8217;s preferences and choices on the website. For this purpose,  they can save information about the user&#8217;s navigation path or the time of  staying on a given page. <\/p>\n<p>\nIf  the user does not want to receive cookies, he\/she can change the browser  settings. We are obliged to inform that disabling cookies necessary for  processes such as authentication, security, maintaining user&#8217;s preferences can  make it difficult, and in some cases it may make the use of websites  impossible. <\/p>\n<h2>Server  logs <\/h2>\n<p>Information  about some of the user&#8217;s behaviours can be logged in the tiers. These data are  used only to administer the website and to ensure the most efficient hosting  services. <\/p>\n<p>The  browsed data are  identified by URL addresses. In addition, the following data can be saved:<\/p>\n<ul>\n<li>time of receiving the  question,<\/li>\n<li>time of sending a  response,<\/li>\n<li>name of the client&#8217;s  drive &#8211; identification via HTTP protocol,<\/li>\n<li>?information on  errors\u00a0 occurring during HTTP  transaction,<\/li>\n<li>URL address of the page  previously visited by the user (referrer link) &#8211; in the case when the website  was entered via a link,<\/li>\n<li>information about the  user&#8217;s browser,<\/li>\n<li>Information about IP  address.<\/li>\n<\/ul>\n<p>The  data mentioned above are not associated with specific individuals browsing the pages, they  are used for the purposes of administering the server only.<\/p>\n","protected":false},"excerpt":{"rendered":"<p>Privacy Policy The privacy policy of the website available at the address spanishconmaria.com (hereinafter &#8220;Website&#8221;) is in force from 2018-05-25 and it defines the principles of<span class=\"excerpt-hellip\"> [\u2026]<\/span><\/p>\n","protected":false},"author":1,"featured_media":0,"parent":0,"menu_order":0,"comment_status":"closed","ping_status":"closed","template":"","meta":{"_exactmetrics_skip_tracking":false,"_exactmetrics_sitenote_active":false,"_exactmetrics_sitenote_note":"","_exactmetrics_sitenote_category":0,"footnotes":""},"class_list":["post-626","page","type-page","status-publish","hentry"],"_links":{"self":[{"href":"https:\/\/spanishconmaria.com\/en\/wp-json\/wp\/v2\/pages\/626","targetHints":{"allow":["GET"]}}],"collection":[{"href":"https:\/\/spanishconmaria.com\/en\/wp-json\/wp\/v2\/pages"}],"about":[{"href":"https:\/\/spanishconmaria.com\/en\/wp-json\/wp\/v2\/types\/page"}],"author":[{"embeddable":true,"href":"https:\/\/spanishconmaria.com\/en\/wp-json\/wp\/v2\/users\/1"}],"replies":[{"embeddable":true,"href":"https:\/\/spanishconmaria.com\/en\/wp-json\/wp\/v2\/comments?post=626"}],"version-history":[{"count":6,"href":"https:\/\/spanishconmaria.com\/en\/wp-json\/wp\/v2\/pages\/626\/revisions"}],"predecessor-version":[{"id":828,"href":"https:\/\/spanishconmaria.com\/en\/wp-json\/wp\/v2\/pages\/626\/revisions\/828"}],"wp:attachment":[{"href":"https:\/\/spanishconmaria.com\/en\/wp-json\/wp\/v2\/media?parent=626"}],"curies":[{"name":"wp","href":"https:\/\/api.w.org\/{rel}","templated":true}]}}